{"id":476,"date":"2025-10-30T13:07:25","date_gmt":"2025-10-30T12:07:25","guid":{"rendered":"https:\/\/www.motoshopzubor.sk\/klim\/?page_id=476"},"modified":"2025-10-30T13:08:14","modified_gmt":"2025-10-30T12:08:14","slug":"domov","status":"publish","type":"page","link":"https:\/\/www.motoshopzubor.sk\/klim\/","title":{"rendered":"Domov"},"content":{"rendered":"","protected":false},"excerpt":{"rendered":"","protected":false},"author":4,"featured_media":0,"parent":0,"menu_order":0,"comment_status":"closed","ping_status":"closed","template":"","meta":{"_acf_changed":false,"footnotes":""},"class_list":["post-476","page","type-page","status-publish","hentry"],"acf":[],"yoast_head":"<!-- This site is optimized with the Yoast SEO plugin v24.3 - https:\/\/yoast.com\/wordpress\/plugins\/seo\/ -->\n<title>KLIM - Motoshop \u017dubor Bansk\u00e1 Bystrica<\/title>\n<meta name=\"description\" content=\"KLIM \u2013 \u0161pi\u010dkov\u00e9 moto oble\u010denie pre cestovate\u013eov a offroad jazdcov. Modely Badlands Pro, Latitude, Carlsbad, Artemis, \u010di Krios pon\u00fakaj\u00fa maxim\u00e1lnu ochranu a komfort v ka\u017edej jazde.\" \/>\n<meta name=\"robots\" content=\"index, follow, max-snippet:-1, max-image-preview:large, max-video-preview:-1\" \/>\n<link rel=\"canonical\" href=\"https:\/\/www.motoshopzubor.sk\/klim\/\" \/>\n<meta property=\"og:locale\" content=\"sk_SK\" \/>\n<meta property=\"og:type\" content=\"article\" \/>\n<meta property=\"og:title\" content=\"KLIM - Motoshop \u017dubor Bansk\u00e1 Bystrica\" \/>\n<meta property=\"og:description\" content=\"KLIM \u2013 \u0161pi\u010dkov\u00e9 moto oble\u010denie pre cestovate\u013eov a offroad jazdcov. Modely Badlands Pro, Latitude, Carlsbad, Artemis, \u010di Krios pon\u00fakaj\u00fa maxim\u00e1lnu ochranu a komfort v ka\u017edej jazde.\" \/>\n<meta property=\"og:url\" content=\"https:\/\/www.motoshopzubor.sk\/klim\/\" \/>\n<meta property=\"og:site_name\" content=\"KLIM\" \/>\n<meta property=\"article:modified_time\" content=\"2025-10-30T12:08:14+00:00\" \/>\n<meta name=\"twitter:card\" content=\"summary_large_image\" \/>\n<script type=\"application\/ld+json\" class=\"yoast-schema-graph\">{\"@context\":\"https:\/\/schema.org\",\"@graph\":[{\"@type\":\"WebPage\",\"@id\":\"https:\/\/www.motoshopzubor.sk\/klim\/\",\"url\":\"https:\/\/www.motoshopzubor.sk\/klim\/\",\"name\":\"KLIM - Motoshop \u017dubor Bansk\u00e1 Bystrica\",\"isPartOf\":{\"@id\":\"https:\/\/www.motoshopzubor.sk\/klim\/#website\"},\"datePublished\":\"2025-10-30T12:07:25+00:00\",\"dateModified\":\"2025-10-30T12:08:14+00:00\",\"description\":\"KLIM \u2013 \u0161pi\u010dkov\u00e9 moto oble\u010denie pre cestovate\u013eov a offroad jazdcov. Modely Badlands Pro, Latitude, Carlsbad, Artemis, \u010di Krios pon\u00fakaj\u00fa maxim\u00e1lnu ochranu a komfort v ka\u017edej jazde.\",\"breadcrumb\":{\"@id\":\"https:\/\/www.motoshopzubor.sk\/klim\/#breadcrumb\"},\"inLanguage\":\"sk-SK\",\"potentialAction\":[{\"@type\":\"ReadAction\",\"target\":[\"https:\/\/www.motoshopzubor.sk\/klim\/\"]}]},{\"@type\":\"BreadcrumbList\",\"@id\":\"https:\/\/www.motoshopzubor.sk\/klim\/#breadcrumb\",\"itemListElement\":[{\"@type\":\"ListItem\",\"position\":1,\"name\":\"Home\",\"item\":\"https:\/\/www.motoshopzubor.sk\/klim\/\"},{\"@type\":\"ListItem\",\"position\":2,\"name\":\"Domov\"}]},{\"@type\":\"WebSite\",\"@id\":\"https:\/\/www.motoshopzubor.sk\/klim\/#website\",\"url\":\"https:\/\/www.motoshopzubor.sk\/klim\/\",\"name\":\"KLIM\",\"description\":\"Motoshop \u017dubor Bansk\u00e1 Bystrica\",\"potentialAction\":[{\"@type\":\"SearchAction\",\"target\":{\"@type\":\"EntryPoint\",\"urlTemplate\":\"https:\/\/www.motoshopzubor.sk\/klim\/?s={search_term_string}\"},\"query-input\":{\"@type\":\"PropertyValueSpecification\",\"valueRequired\":true,\"valueName\":\"search_term_string\"}}],\"inLanguage\":\"sk-SK\"}]}<\/script>\n<!-- \/ Yoast SEO plugin. -->","yoast_head_json":{"title":"KLIM - Motoshop \u017dubor Bansk\u00e1 Bystrica","description":"KLIM \u2013 \u0161pi\u010dkov\u00e9 moto oble\u010denie pre cestovate\u013eov a offroad jazdcov. Modely Badlands Pro, Latitude, Carlsbad, Artemis, \u010di Krios pon\u00fakaj\u00fa maxim\u00e1lnu ochranu a komfort v ka\u017edej jazde.","robots":{"index":"index","follow":"follow","max-snippet":"max-snippet:-1","max-image-preview":"max-image-preview:large","max-video-preview":"max-video-preview:-1"},"canonical":"https:\/\/www.motoshopzubor.sk\/klim\/","og_locale":"sk_SK","og_type":"article","og_title":"KLIM - Motoshop \u017dubor Bansk\u00e1 Bystrica","og_description":"KLIM \u2013 \u0161pi\u010dkov\u00e9 moto oble\u010denie pre cestovate\u013eov a offroad jazdcov. Modely Badlands Pro, Latitude, Carlsbad, Artemis, \u010di Krios pon\u00fakaj\u00fa maxim\u00e1lnu ochranu a komfort v ka\u017edej jazde.","og_url":"https:\/\/www.motoshopzubor.sk\/klim\/","og_site_name":"KLIM","article_modified_time":"2025-10-30T12:08:14+00:00","twitter_card":"summary_large_image","schema":{"@context":"https:\/\/schema.org","@graph":[{"@type":"WebPage","@id":"https:\/\/www.motoshopzubor.sk\/klim\/","url":"https:\/\/www.motoshopzubor.sk\/klim\/","name":"KLIM - Motoshop \u017dubor Bansk\u00e1 Bystrica","isPartOf":{"@id":"https:\/\/www.motoshopzubor.sk\/klim\/#website"},"datePublished":"2025-10-30T12:07:25+00:00","dateModified":"2025-10-30T12:08:14+00:00","description":"KLIM \u2013 \u0161pi\u010dkov\u00e9 moto oble\u010denie pre cestovate\u013eov a offroad jazdcov. Modely Badlands Pro, Latitude, Carlsbad, Artemis, \u010di Krios pon\u00fakaj\u00fa maxim\u00e1lnu ochranu a komfort v ka\u017edej jazde.","breadcrumb":{"@id":"https:\/\/www.motoshopzubor.sk\/klim\/#breadcrumb"},"inLanguage":"sk-SK","potentialAction":[{"@type":"ReadAction","target":["https:\/\/www.motoshopzubor.sk\/klim\/"]}]},{"@type":"BreadcrumbList","@id":"https:\/\/www.motoshopzubor.sk\/klim\/#breadcrumb","itemListElement":[{"@type":"ListItem","position":1,"name":"Home","item":"https:\/\/www.motoshopzubor.sk\/klim\/"},{"@type":"ListItem","position":2,"name":"Domov"}]},{"@type":"WebSite","@id":"https:\/\/www.motoshopzubor.sk\/klim\/#website","url":"https:\/\/www.motoshopzubor.sk\/klim\/","name":"KLIM","description":"Motoshop \u017dubor Bansk\u00e1 Bystrica","potentialAction":[{"@type":"SearchAction","target":{"@type":"EntryPoint","urlTemplate":"https:\/\/www.motoshopzubor.sk\/klim\/?s={search_term_string}"},"query-input":{"@type":"PropertyValueSpecification","valueRequired":true,"valueName":"search_term_string"}}],"inLanguage":"sk-SK"}]}},"_links":{"self":[{"href":"https:\/\/www.motoshopzubor.sk\/klim\/wp-json\/wp\/v2\/pages\/476","targetHints":{"allow":["GET"]}}],"collection":[{"href":"https:\/\/www.motoshopzubor.sk\/klim\/wp-json\/wp\/v2\/pages"}],"about":[{"href":"https:\/\/www.motoshopzubor.sk\/klim\/wp-json\/wp\/v2\/types\/page"}],"author":[{"embeddable":true,"href":"https:\/\/www.motoshopzubor.sk\/klim\/wp-json\/wp\/v2\/users\/4"}],"replies":[{"embeddable":true,"href":"https:\/\/www.motoshopzubor.sk\/klim\/wp-json\/wp\/v2\/comments?post=476"}],"version-history":[{"count":1,"href":"https:\/\/www.motoshopzubor.sk\/klim\/wp-json\/wp\/v2\/pages\/476\/revisions"}],"predecessor-version":[{"id":477,"href":"https:\/\/www.motoshopzubor.sk\/klim\/wp-json\/wp\/v2\/pages\/476\/revisions\/477"}],"wp:attachment":[{"href":"https:\/\/www.motoshopzubor.sk\/klim\/wp-json\/wp\/v2\/media?parent=476"}],"curies":[{"name":"wp","href":"https:\/\/api.w.org\/{rel}","templated":true}]}}